{"id":4406,"date":"2026-03-02T12:08:51","date_gmt":"2026-03-02T03:08:51","guid":{"rendered":"https:\/\/www.hara-ec.com\/?page_id=4406"},"modified":"2026-04-07T13:08:13","modified_gmt":"2026-04-07T04:08:13","slug":"%e5%86%8d%e6%b3%a8%e6%96%87%e3%83%95%e3%82%a9%e3%83%bc%e3%83%a0_2026","status":"publish","type":"page","link":"https:\/\/www.hara-ec.com\/?page_id=4406","title":{"rendered":"\u518d\u6ce8\u6587\u30d5\u30a9\u30fc\u30e0_2026"},"content":{"rendered":"\n<div class=\"wpcf7 no-js\" id=\"wpcf7-f3743-o1\" lang=\"ja\" dir=\"ltr\" data-wpcf7-id=\"3743\">\n<div class=\"screen-reader-response\"><p role=\"status\" aria-live=\"polite\" aria-atomic=\"true\"><\/p> <ul><\/ul><\/div>\n<form action=\"\/index.php?rest_route=%2Fwp%2Fv2%2Fpages%2F4406#wpcf7-f3743-o1\" method=\"post\" class=\"wpcf7-form init\" aria-label=\"\u30b3\u30f3\u30bf\u30af\u30c8\u30d5\u30a9\u30fc\u30e0\" enctype=\"multipart\/form-data\" novalidate=\"novalidate\" data-status=\"init\">\n<fieldset class=\"hidden-fields-container\"><input type=\"hidden\" name=\"_wpcf7\" value=\"3743\" \/><input type=\"hidden\" name=\"_wpcf7_version\" value=\"6.1.5\" \/><input type=\"hidden\" name=\"_wpcf7_locale\" value=\"ja\" \/><input type=\"hidden\" name=\"_wpcf7_unit_tag\" value=\"wpcf7-f3743-o1\" \/><input type=\"hidden\" name=\"_wpcf7_container_post\" value=\"0\" \/><input type=\"hidden\" name=\"_wpcf7_posted_data_hash\" value=\"\" \/>\n<\/fieldset>\n<div style=\"text-align:center; margin-bottom:20px;\">\n\t<p><img decoding=\"async\" src=\"http:\/\/www.hara-ec.com\/wp-content\/uploads\/2026\/03\/0f552ea2ad36eb390bb1794057ba9f0e-3.png\" alt=\"\u8a3a\u5bdf\u5238\u30b5\u30f3\u30d7\u30eb\" style=\"max-width:300px; height:auto; margin-bottom:10px;\" \/>\n\t<\/p>\n\t<p style=\"font-size:16px; font-weight:bold; margin:5px 0;\"><br \/>\n\u8a3a\u5bdf\u5238\u3092\u3054\u6e96\u5099\u306e\u4e0a\u3001\u5165\u529b\u3057\u3066\u304f\u3060\u3055\u3044\u3002<br \/>\n\u3000\u3000\u3000\uff0a\u6b21\u56de\u691c\u67fb\u4e88\u5b9a\u306f\u6765\u9662\u4e88\u5b9a\u3092\u53c2\u7167\uff0a\n\t<\/p>\n<\/div>\n<p><label>\u8a3a\u5bdf\u5238\u306e\u753b\u50cf\u3092\u30a2\u30c3\u30d7\u30ed\u30fc\u30c9\u3057\u3066\u304f\u3060\u3055\u3044(\u4efb\u610f\uff09<br \/>\n<span class=\"wpcf7-form-control-wrap\" data-name=\"shinsatsuken\"><input size=\"40\" class=\"wpcf7-form-control wpcf7-file\" accept=\".jpg,.jpeg,.png,.pdf,.doc,.docx\" aria-invalid=\"false\" type=\"file\" name=\"shinsatsuken\" \/><\/span><br \/>\n<\/label>\n<\/p>\n<div class=\"input-with-icon icon-id\">\n\t<p><label>\u60a3\u8005\u756a\u53f7(\u5fc5\u9808\uff09*<\/label><br \/>\n<span class=\"wpcf7-form-control-wrap\" data-name=\"id\"><input size=\"40\" maxlength=\"400\" class=\"wpcf7-form-control wpcf7-text wpcf7-validates-as-required\" aria-required=\"true\" aria-invalid=\"false\" placeholder=\"99999993\" value=\"\" type=\"text\" name=\"id\" \/><\/span>\n\t<\/p>\n<\/div>\n<p><label>\u304a\u540d\u524d\uff08\u5fc5\u9808\uff09*<br \/>\n<span class=\"wpcf7-form-control-wrap\" data-name=\"name-kanji\"><input size=\"40\" maxlength=\"400\" class=\"wpcf7-form-control wpcf7-text wpcf7-validates-as-required\" aria-required=\"true\" aria-invalid=\"false\" placeholder=\"\u306f\u3089\u3000\u305f\u308d\u3046\" value=\"\" type=\"text\" name=\"name-kanji\" \/><\/span><br \/>\n<\/label>\n<\/p>\n<p><label>\u30d5\u30ea\u30ac\u30ca(\u5fc5\u9808\uff09*<br \/>\n<span class=\"wpcf7-form-control-wrap\" data-name=\"name-kana\"><input size=\"40\" maxlength=\"400\" class=\"wpcf7-form-control wpcf7-text wpcf7-validates-as-required\" aria-required=\"true\" aria-invalid=\"false\" placeholder=\"\u30cf\u30e9\u3000\u30bf\u30ed\u30a6\" value=\"\" type=\"text\" name=\"name-kana\" \/><\/span><br \/>\n<\/label>\n<\/p>\n<p><label>\u751f\u5e74\u6708\u65e5(\u5fc5\u9808\uff09*(\u4f8b\uff1a2014\/07\/16\uff09<\/label><br \/>\n<span class=\"wpcf7-form-control-wrap\" data-name=\"birthdate\"><input class=\"wpcf7-form-control wpcf7-date wpcf7-validates-as-required wpcf7-validates-as-date\" min=\"1956-01-01\" max=\"2015-02-25\" aria-required=\"true\" aria-invalid=\"false\" value=\"\" type=\"date\" name=\"birthdate\" \/><\/span>\n<\/p>\n<p><label>\u6b21\u56de\u691c\u67fb\u4e88\u5b9a(\u5fc5\u9808\uff09*\uff08\u5e74\u30fb\u6708\u3092\u9078\u629e\u3057\u3066\u304f\u3060\u3055\u3044\uff09<br \/>\n<\/label><label>\u6b21\u56de\u691c\u67fb\u4e88\u5b9a\u5e74*<br \/>\n<span class=\"wpcf7-form-control-wrap\" data-name=\"next-year\"><select class=\"wpcf7-form-control wpcf7-select wpcf7-validates-as-required\" aria-required=\"true\" aria-invalid=\"false\" name=\"next-year\"><option value=\"\">&#8212;\u4ee5\u4e0b\u304b\u3089\u9078\u629e\u3057\u3066\u304f\u3060\u3055\u3044&#8212;<\/option><option value=\"2026\u5e74\">2026\u5e74<\/option><option value=\"2027\u5e74\">2027\u5e74<\/option><option value=\"2028\u5e74\">2028\u5e74<\/option><option value=\"2029\u5e74\">2029\u5e74<\/option><option value=\"2030\u5e74\">2030\u5e74<\/option><\/select><\/span><\/label>\n<\/p>\n<p><label>\u6b21\u56de\u691c\u67fb\u4e88\u5b9a\u6708*<br \/>\n<span class=\"wpcf7-form-control-wrap\" data-name=\"next-month\"><select class=\"wpcf7-form-control wpcf7-select wpcf7-validates-as-required\" aria-required=\"true\" aria-invalid=\"false\" name=\"next-month\"><option value=\"\">&#8212;\u4ee5\u4e0b\u304b\u3089\u9078\u629e\u3057\u3066\u304f\u3060\u3055\u3044&#8212;<\/option><option value=\"1\u6708\">1\u6708<\/option><option value=\"2\u6708\">2\u6708<\/option><option value=\"3\u6708\">3\u6708<\/option><option value=\"4\u6708\">4\u6708<\/option><option value=\"5\u6708\">5\u6708<\/option><option value=\"6\u6708\">6\u6708<\/option><option value=\"7\u6708\">7\u6708<\/option><option value=\"8\u6708\">8\u6708<\/option><option value=\"9\u6708\">9\u6708<\/option><option value=\"10\u6708\">10\u6708<\/option><option value=\"11\u6708\">11\u6708<\/option><option value=\"12\u6708\">12\u6708<\/option><\/select><\/span><\/label>\n<\/p>\n<div class=\"input-with-icon icon-mail\">\n\t<p><label>E-mail*(\u5fc5\u9808\uff09<\/label><br \/>\n<span class=\"wpcf7-form-control-wrap\" data-name=\"your_email\"><input size=\"40\" maxlength=\"400\" class=\"wpcf7-form-control wpcf7-email wpcf7-validates-as-required wpcf7-text wpcf7-validates-as-email\" aria-required=\"true\" aria-invalid=\"false\" placeholder=\"\u25cb\u25cb\u25cb\u25cb@\u00d7\u00d7\u00d7\u00d7.\u25b3\u25b3\u25b3\" value=\"\" type=\"email\" name=\"your_email\" \/><\/span>\n\t<\/p>\n<\/div>\n<div class=\"input-with-icon icon-mail\">\n\t<p><label>E-mail\uff08\u78ba\u8a8d\u7528\uff09*<\/label><br \/>\n<span class=\"wpcf7-form-control-wrap\" data-name=\"email-confirm\"><input size=\"40\" maxlength=\"400\" class=\"wpcf7-form-control wpcf7-email wpcf7-validates-as-required wpcf7-text wpcf7-validates-as-email\" aria-required=\"true\" aria-invalid=\"false\" placeholder=\"\u25cb\u25cb\u25cb\u25cb@\u00d7\u00d7\u00d7\u00d7.\u25b3\u25b3\u25b3\" value=\"\" type=\"email\" name=\"email-confirm\" \/><\/span>\n\t<\/p>\n<\/div>\n<div class=\"input-with-icon icon-tel\">\n\t<p><label>\u96fb\u8a71\u756a\u53f7*(\u5fc5\u9808\uff09<\/label><br \/>\n<span class=\"wpcf7-form-control-wrap\" data-name=\"tel-number\"><input size=\"40\" maxlength=\"400\" class=\"wpcf7-form-control wpcf7-tel wpcf7-validates-as-required wpcf7-text wpcf7-validates-as-tel\" aria-required=\"true\" aria-invalid=\"false\" placeholder=\"00000000000\" value=\"\" type=\"tel\" name=\"tel-number\" \/><\/span>\n\t<\/p>\n<\/div>\n<div class=\"input-with-icon icon-right\">\n\t<p><label>\u307f\u304e\uff0f\u3054\u5e0c\u671b\u306e\u30b3\u30f3\u30bf\u30af\u30c8\u30ec\u30f3\u30ba\uff08\u30e1\u30fc\u30ab\u30fc\u30fb\u5546\u54c1\u540d\uff09*(\u5fc5\u9808\uff09<\/label><br \/>\n<span class=\"wpcf7-form-control-wrap\" data-name=\"lens-right\"><select class=\"wpcf7-form-control wpcf7-select wpcf7-validates-as-required\" aria-required=\"true\" aria-invalid=\"false\" name=\"lens-right\"><option value=\"\">&#8212;\u4ee5\u4e0b\u304b\u3089\u9078\u629e\u3057\u3066\u304f\u3060\u3055\u3044&#8212;<\/option><option value=\"\u6ce8\u6587\u306a\u3057\">\u6ce8\u6587\u306a\u3057<\/option><option value=\"\u3010\u30b7\u30fc\u30c9\u30111\uff44\u30d4\u30e5\u30a2\u3046\u308b\u304a\u304432\u679a\">\u3010\u30b7\u30fc\u30c9\u30111\uff44\u30d4\u30e5\u30a2\u3046\u308b\u304a\u304432\u679a<\/option><option value=\"\u3010\u30b7\u30fc\u30c9\u30111\uff44\u30d4\u30e5\u30a2\u3046\u308b\u304a\u304496\u679a\">\u3010\u30b7\u30fc\u30c9\u30111\uff44\u30d4\u30e5\u30a2\u3046\u308b\u304a\u304496\u679a<\/option><option value=\"\u3010\u30b7\u30fc\u30c9\u30111\uff44\u30d4\u30e5\u30a2\u4e71\u8996\">\u3010\u30b7\u30fc\u30c9\u30111\uff44\u30d4\u30e5\u30a2\u4e71\u8996<\/option><option value=\"\u3010\u30b7\u30fc\u30c9\u30112\uff57\u30d4\u30e5\u30a2\u3046\u308b\u304a\u3044\u30d7\u30e9\u30b9\">\u3010\u30b7\u30fc\u30c9\u30112\uff57\u30d4\u30e5\u30a2\u3046\u308b\u304a\u3044\u30d7\u30e9\u30b9<\/option><option value=\"\u3010\u30b7\u30fc\u30c9\u30112\uff57\u30de\u30eb\u30c1\u30b9\u30c6\u30fc\u30b8\uff08\u9060\u8fd1\u4e21\u7528\uff09\">\u3010\u30b7\u30fc\u30c9\u30112\uff57\u30de\u30eb\u30c1\u30b9\u30c6\u30fc\u30b8\uff08\u9060\u8fd1\u4e21\u7528\uff09<\/option><option value=\"\u3010\u30a2\u30eb\u30b3\u30f3\u30111\uff44\u30c8\u30fc\u30bf\u30eb\u30ef\u30f3 30\u679a\">\u3010\u30a2\u30eb\u30b3\u30f3\u30111\uff44\u30c8\u30fc\u30bf\u30eb\u30ef\u30f3 30\u679a<\/option><option value=\"\u3010\u30a2\u30eb\u30b3\u30f3\u30111\uff44\u30c8\u30fc\u30bf\u30eb\u30ef\u30f3 90\u679a\">\u3010\u30a2\u30eb\u30b3\u30f3\u30111\uff44\u30c8\u30fc\u30bf\u30eb\u30ef\u30f3 90\u679a<\/option><option value=\"\u3010\u30a2\u30eb\u30b3\u30f3\u30111\uff44\u30c8\u30fc\u30bf\u30eb\u30ef\u30f3TRC\uff08\u4e71\u8996\u7528\uff09\">\u3010\u30a2\u30eb\u30b3\u30f3\u30111\uff44\u30c8\u30fc\u30bf\u30eb\u30ef\u30f3TRC\uff08\u4e71\u8996\u7528\uff09<\/option><option value=\"\u3010\u30a2\u30eb\u30b3\u30f3\u30112\uff57\u30c8\u30fc\u30bf\u30eb14\">\u3010\u30a2\u30eb\u30b3\u30f3\u30112\uff57\u30c8\u30fc\u30bf\u30eb14<\/option><option value=\"\u3010\u30a2\u30eb\u30b3\u30f3\u30112\uff57\u30c8\u30fc\u30bf\u30eb14TRC\uff08\u4e71\u8996\u7528\uff09\">\u3010\u30a2\u30eb\u30b3\u30f3\u30112\uff57\u30c8\u30fc\u30bf\u30eb14TRC\uff08\u4e71\u8996\u7528\uff09<\/option><option value=\"\u3010\u30a2\u30eb\u30b3\u30f3\u30111\u30f6\u6708\u30a8\u30a2\u30aa\u30d7\u30c6\u30a3\u30af\u30b9EX\">\u3010\u30a2\u30eb\u30b3\u30f3\u30111\u30f6\u6708\u30a8\u30a2\u30aa\u30d7\u30c6\u30a3\u30af\u30b9EX<\/option><option value=\"\u3010\u30a2\u30eb\u30b3\u30f3\u30111\uff44\u30c8\u30fc\u30bf\u30eb\u30ef\u30f3\u9060\u8fd130\u679a\">\u3010\u30a2\u30eb\u30b3\u30f3\u30111\uff44\u30c8\u30fc\u30bf\u30eb\u30ef\u30f3\u9060\u8fd130\u679a<\/option><option value=\"\u3010\u30a2\u30eb\u30b3\u30f3\u30111\uff44\u30c8\u30fc\u30bf\u30eb\u30ef\u30f3\u9060\u8fd190\u679a\">\u3010\u30a2\u30eb\u30b3\u30f3\u30111\uff44\u30c8\u30fc\u30bf\u30eb\u30ef\u30f3\u9060\u8fd190\u679a<\/option><option value=\"\u3010\u30a2\u30eb\u30b3\u30f3\u30112\uff57\u30a8\u30a2\u30aa\u30d7\u30c6\u30a3\u30af\u30b9HG\u9060\u8fd1\">\u3010\u30a2\u30eb\u30b3\u30f3\u30112\uff57\u30a8\u30a2\u30aa\u30d7\u30c6\u30a3\u30af\u30b9HG\u9060\u8fd1<\/option><option value=\"\u3010\u30e1\u30cb\u30b3\u30f3\u30112\uff57\u30d7\u30ec\u30df\u30aa\">\u3010\u30e1\u30cb\u30b3\u30f3\u30112\uff57\u30d7\u30ec\u30df\u30aa<\/option><option value=\"\u3010\u30e1\u30cb\u30b3\u30f3\u30112\uff57\u30d7\u30ec\u30df\u30aa\u30c8\u30fc\u30ea\u30c3\u30af\uff08\u4e71\u8996\u7528\uff09\">\u3010\u30e1\u30cb\u30b3\u30f3\u30112\uff57\u30d7\u30ec\u30df\u30aa\u30c8\u30fc\u30ea\u30c3\u30af\uff08\u4e71\u8996\u7528\uff09<\/option><option value=\"\u3010\u30e1\u30cb\u30b3\u30f3\u30111\uff44\u30e1\u30cb\u30b3\u30f3\u30ef\u30f3\u30c7\u30fc\">\u3010\u30e1\u30cb\u30b3\u30f3\u30111\uff44\u30e1\u30cb\u30b3\u30f3\u30ef\u30f3\u30c7\u30fc<\/option><option value=\"\u3010\u30af\u30fc\u30d1\u30fc\u30112\uff57\u30d0\u30a4\u30aa\u30d5\u30a3\u30cb\u30c6\u30a3\">\u3010\u30af\u30fc\u30d1\u30fc\u30112\uff57\u30d0\u30a4\u30aa\u30d5\u30a3\u30cb\u30c6\u30a3<\/option><option value=\"\u3010\u30af\u30fc\u30d1\u30fc\u30112\uff57\u30d0\u30a4\u30aa\u30d5\u30a3\u30cb\u30c6\u30a3XR\">\u3010\u30af\u30fc\u30d1\u30fc\u30112\uff57\u30d0\u30a4\u30aa\u30d5\u30a3\u30cb\u30c6\u30a3XR<\/option><option value=\"\u3010\u30af\u30fc\u30d1\u30fc\u30112\uff57\u30d0\u30a4\u30aa\u30d5\u30a3\u30cb\u30c6\u30a3\u30c8\u30fc\u30ea\u30c3\u30af\uff08\u4e71\u8996\u7528\uff09\">\u3010\u30af\u30fc\u30d1\u30fc\u30112\uff57\u30d0\u30a4\u30aa\u30d5\u30a3\u30cb\u30c6\u30a3\u30c8\u30fc\u30ea\u30c3\u30af\uff08\u4e71\u8996\u7528\uff09<\/option><option value=\"\u3010\u30af\u30fc\u30d1\u30fc\u30111\uff44\u30de\u30a4\u30c7\u30a430\u679a\">\u3010\u30af\u30fc\u30d1\u30fc\u30111\uff44\u30de\u30a4\u30c7\u30a430\u679a<\/option><option value=\"\u3010\u30af\u30fc\u30d1\u30fc\u30111\uff44\u30de\u30a4\u30c7\u30a490\u679a\">\u3010\u30af\u30fc\u30d1\u30fc\u30111\uff44\u30de\u30a4\u30c7\u30a490\u679a<\/option><option value=\"\u3010\u30af\u30fc\u30d1\u30fc\u30111\uff44\u30de\u30a4\u30c7\u30a4\u30c8\u30fc\u30ea\u30c3\u30af\uff08\u4e71\u8996\u7528\uff0930\u679a\">\u3010\u30af\u30fc\u30d1\u30fc\u30111\uff44\u30de\u30a4\u30c7\u30a4\u30c8\u30fc\u30ea\u30c3\u30af\uff08\u4e71\u8996\u7528\uff0930\u679a<\/option><option value=\"\u3010\u30af\u30fc\u30d1\u30fc\u30111\uff44\u30de\u30a4\u30c7\u30a4\u30c8\u30fc\u30ea\u30c3\u30af\uff08\u4e71\u8996\u7528\uff0990\u679a\">\u3010\u30af\u30fc\u30d1\u30fc\u30111\uff44\u30de\u30a4\u30c7\u30a4\u30c8\u30fc\u30ea\u30c3\u30af\uff08\u4e71\u8996\u7528\uff0990\u679a<\/option><option value=\"\u3010\u30af\u30fc\u30d1\u30fc\u30111\uff44WetLoc\u30af\u30e9\u30ea\u30c6\u30a330\u679a\">\u3010\u30af\u30fc\u30d1\u30fc\u30111\uff44WetLoc\u30af\u30e9\u30ea\u30c6\u30a330\u679a<\/option><option value=\"\u3010\u30af\u30fc\u30d1\u30fc\u30111\uff44WetLoc\u30af\u30e9\u30ea\u30c6\u30a390\u679a\">\u3010\u30af\u30fc\u30d1\u30fc\u30111\uff44WetLoc\u30af\u30e9\u30ea\u30c6\u30a390\u679a<\/option><option value=\"\u3010\u30b8\u30e7\u30f3\u30bd\u30f3\u30a8\u30f3\u30c9\u30b8\u30e7\u30f3\u30bd\u30f3\u30111\uff44\u30aa\u30a2\u30b7\u30b930\u679a\">\u3010\u30b8\u30e7\u30f3\u30bd\u30f3\u30a8\u30f3\u30c9\u30b8\u30e7\u30f3\u30bd\u30f3\u30111\uff44\u30aa\u30a2\u30b7\u30b930\u679a<\/option><option value=\"\u3010\u30b8\u30e7\u30f3\u30bd\u30f3\u30a8\u30f3\u30c9\u30b8\u30e7\u30f3\u30bd\u30f3\u30111\uff44\u30aa\u30a2\u30b7\u30b990\u679a\">\u3010\u30b8\u30e7\u30f3\u30bd\u30f3\u30a8\u30f3\u30c9\u30b8\u30e7\u30f3\u30bd\u30f3\u30111\uff44\u30aa\u30a2\u30b7\u30b990\u679a<\/option><option value=\"\u3010\u30b8\u30e7\u30f3\u30bd\u30f3\u30a8\u30f3\u30c9\u30b8\u30e7\u30f3\u30bd\u30f3\u30111\uff44\u30aa\u30a2\u30b7\u30b9\u4e71\u8996\">\u3010\u30b8\u30e7\u30f3\u30bd\u30f3\u30a8\u30f3\u30c9\u30b8\u30e7\u30f3\u30bd\u30f3\u30111\uff44\u30aa\u30a2\u30b7\u30b9\u4e71\u8996<\/option><\/select><\/span>\n\t<\/p>\n\t<p><label>\u307f\u304e\uff0f\u3054\u5e0c\u671b\u306e\u7bb1\u6570*(\u5fc5\u9808\uff09<\/label><br \/>\n<span class=\"wpcf7-form-control-wrap\" data-name=\"lens-right-count\"><select class=\"wpcf7-form-control wpcf7-select wpcf7-validates-as-required\" aria-required=\"true\" aria-invalid=\"false\" name=\"lens-right-count\"><option value=\"\">&#8212;\u4ee5\u4e0b\u304b\u3089\u9078\u629e\u3057\u3066\u304f\u3060\u3055\u3044&#8212;<\/option><option value=\"0\u7bb1\">0\u7bb1<\/option><option value=\"1\u7bb1\">1\u7bb1<\/option><option value=\"2\u7bb1\">2\u7bb1<\/option><option value=\"3\u7bb1\">3\u7bb1<\/option><option value=\"4\u7bb1\">4\u7bb1<\/option><\/select><\/span>\n\t<\/p>\n\t<p><label>\u3072\u3060\u308a\uff0f\u3054\u5e0c\u671b\u306e\u30b3\u30f3\u30bf\u30af\u30c8\u30ec\u30f3\u30ba\uff08\u30e1\u30fc\u30ab\u30fc\u30fb\u5546\u54c1\u540d\uff09*(\u5fc5\u9808\uff09<\/label><br \/>\n<span class=\"wpcf7-form-control-wrap\" data-name=\"lens-left\"><select class=\"wpcf7-form-control wpcf7-select wpcf7-validates-as-required\" aria-required=\"true\" aria-invalid=\"false\" name=\"lens-left\"><option value=\"\">&#8212;\u4ee5\u4e0b\u304b\u3089\u9078\u629e\u3057\u3066\u304f\u3060\u3055\u3044&#8212;<\/option><option value=\"\u6ce8\u6587\u306a\u3057\">\u6ce8\u6587\u306a\u3057<\/option><option value=\"\u3010\u30b7\u30fc\u30c9\u30111\uff44\u30d4\u30e5\u30a2\u3046\u308b\u304a\u304432\u679a\">\u3010\u30b7\u30fc\u30c9\u30111\uff44\u30d4\u30e5\u30a2\u3046\u308b\u304a\u304432\u679a<\/option><option value=\"\u3010\u30b7\u30fc\u30c9\u30111\uff44\u30d4\u30e5\u30a2\u3046\u308b\u304a\u304496\u679a\">\u3010\u30b7\u30fc\u30c9\u30111\uff44\u30d4\u30e5\u30a2\u3046\u308b\u304a\u304496\u679a<\/option><option value=\"\u3010\u30b7\u30fc\u30c9\u30111\uff44\u30d4\u30e5\u30a2\u4e71\u8996\">\u3010\u30b7\u30fc\u30c9\u30111\uff44\u30d4\u30e5\u30a2\u4e71\u8996<\/option><option value=\"\u3010\u30b7\u30fc\u30c9\u30112\uff57\u30d4\u30e5\u30a2\u3046\u308b\u304a\u3044\u30d7\u30e9\u30b9\">\u3010\u30b7\u30fc\u30c9\u30112\uff57\u30d4\u30e5\u30a2\u3046\u308b\u304a\u3044\u30d7\u30e9\u30b9<\/option><option value=\"\u3010\u30b7\u30fc\u30c9\u30112\uff57\u30de\u30eb\u30c1\u30b9\u30c6\u30fc\u30b8\uff08\u9060\u8fd1\u4e21\u7528\uff09\">\u3010\u30b7\u30fc\u30c9\u30112\uff57\u30de\u30eb\u30c1\u30b9\u30c6\u30fc\u30b8\uff08\u9060\u8fd1\u4e21\u7528\uff09<\/option><option value=\"\u3010\u30a2\u30eb\u30b3\u30f3\u30111\uff44\u30c8\u30fc\u30bf\u30eb\u30ef\u30f3 30\u679a\">\u3010\u30a2\u30eb\u30b3\u30f3\u30111\uff44\u30c8\u30fc\u30bf\u30eb\u30ef\u30f3 30\u679a<\/option><option value=\"\u3010\u30a2\u30eb\u30b3\u30f3\u30111\uff44\u30c8\u30fc\u30bf\u30eb\u30ef\u30f3 90\u679a\">\u3010\u30a2\u30eb\u30b3\u30f3\u30111\uff44\u30c8\u30fc\u30bf\u30eb\u30ef\u30f3 90\u679a<\/option><option value=\"\u3010\u30a2\u30eb\u30b3\u30f3\u30111\uff44\u30c8\u30fc\u30bf\u30eb\u30ef\u30f3TRC\uff08\u4e71\u8996\u7528\uff09\">\u3010\u30a2\u30eb\u30b3\u30f3\u30111\uff44\u30c8\u30fc\u30bf\u30eb\u30ef\u30f3TRC\uff08\u4e71\u8996\u7528\uff09<\/option><option value=\"\u3010\u30a2\u30eb\u30b3\u30f3\u30112\uff57\u30c8\u30fc\u30bf\u30eb14\">\u3010\u30a2\u30eb\u30b3\u30f3\u30112\uff57\u30c8\u30fc\u30bf\u30eb14<\/option><option value=\"\u3010\u30a2\u30eb\u30b3\u30f3\u30112\uff57\u30c8\u30fc\u30bf\u30eb14TRC\uff08\u4e71\u8996\u7528\uff09\">\u3010\u30a2\u30eb\u30b3\u30f3\u30112\uff57\u30c8\u30fc\u30bf\u30eb14TRC\uff08\u4e71\u8996\u7528\uff09<\/option><option value=\"\u3010\u30a2\u30eb\u30b3\u30f3\u30111\u30f6\u6708\u30a8\u30a2\u30aa\u30d7\u30c6\u30a3\u30af\u30b9EX\">\u3010\u30a2\u30eb\u30b3\u30f3\u30111\u30f6\u6708\u30a8\u30a2\u30aa\u30d7\u30c6\u30a3\u30af\u30b9EX<\/option><option value=\"\u3010\u30a2\u30eb\u30b3\u30f3\u30111\uff44\u30c8\u30fc\u30bf\u30eb\u30ef\u30f3\u9060\u8fd130\u679a\">\u3010\u30a2\u30eb\u30b3\u30f3\u30111\uff44\u30c8\u30fc\u30bf\u30eb\u30ef\u30f3\u9060\u8fd130\u679a<\/option><option value=\"\u3010\u30a2\u30eb\u30b3\u30f3\u30111\uff44\u30c8\u30fc\u30bf\u30eb\u30ef\u30f3\u9060\u8fd190\u679a\">\u3010\u30a2\u30eb\u30b3\u30f3\u30111\uff44\u30c8\u30fc\u30bf\u30eb\u30ef\u30f3\u9060\u8fd190\u679a<\/option><option value=\"\u3010\u30a2\u30eb\u30b3\u30f3\u30112\uff57\u30a8\u30a2\u30aa\u30d7\u30c6\u30a3\u30af\u30b9HG\u9060\u8fd1\">\u3010\u30a2\u30eb\u30b3\u30f3\u30112\uff57\u30a8\u30a2\u30aa\u30d7\u30c6\u30a3\u30af\u30b9HG\u9060\u8fd1<\/option><option value=\"\u3010\u30e1\u30cb\u30b3\u30f3\u30112\uff57\u30d7\u30ec\u30df\u30aa\">\u3010\u30e1\u30cb\u30b3\u30f3\u30112\uff57\u30d7\u30ec\u30df\u30aa<\/option><option value=\"\u3010\u30e1\u30cb\u30b3\u30f3\u30112\uff57\u30d7\u30ec\u30df\u30aa\u30c8\u30fc\u30ea\u30c3\u30af\uff08\u4e71\u8996\u7528\uff09\">\u3010\u30e1\u30cb\u30b3\u30f3\u30112\uff57\u30d7\u30ec\u30df\u30aa\u30c8\u30fc\u30ea\u30c3\u30af\uff08\u4e71\u8996\u7528\uff09<\/option><option value=\"\u3010\u30e1\u30cb\u30b3\u30f3\u30111\uff44\u30e1\u30cb\u30b3\u30f3\u30ef\u30f3\u30c7\u30fc\">\u3010\u30e1\u30cb\u30b3\u30f3\u30111\uff44\u30e1\u30cb\u30b3\u30f3\u30ef\u30f3\u30c7\u30fc<\/option><option value=\"\u3010\u30af\u30fc\u30d1\u30fc\u30112\uff57\u30d0\u30a4\u30aa\u30d5\u30a3\u30cb\u30c6\u30a3\">\u3010\u30af\u30fc\u30d1\u30fc\u30112\uff57\u30d0\u30a4\u30aa\u30d5\u30a3\u30cb\u30c6\u30a3<\/option><option value=\"\u3010\u30af\u30fc\u30d1\u30fc\u30112\uff57\u30d0\u30a4\u30aa\u30d5\u30a3\u30cb\u30c6\u30a3XR\">\u3010\u30af\u30fc\u30d1\u30fc\u30112\uff57\u30d0\u30a4\u30aa\u30d5\u30a3\u30cb\u30c6\u30a3XR<\/option><option value=\"\u3010\u30af\u30fc\u30d1\u30fc\u30112\uff57\u30d0\u30a4\u30aa\u30d5\u30a3\u30cb\u30c6\u30a3\u30c8\u30fc\u30ea\u30c3\u30af\uff08\u4e71\u8996\u7528\uff09\">\u3010\u30af\u30fc\u30d1\u30fc\u30112\uff57\u30d0\u30a4\u30aa\u30d5\u30a3\u30cb\u30c6\u30a3\u30c8\u30fc\u30ea\u30c3\u30af\uff08\u4e71\u8996\u7528\uff09<\/option><option value=\"\u3010\u30af\u30fc\u30d1\u30fc\u30111\uff44\u30de\u30a4\u30c7\u30a430\u679a\">\u3010\u30af\u30fc\u30d1\u30fc\u30111\uff44\u30de\u30a4\u30c7\u30a430\u679a<\/option><option value=\"\u3010\u30af\u30fc\u30d1\u30fc\u30111\uff44\u30de\u30a4\u30c7\u30a490\u679a\">\u3010\u30af\u30fc\u30d1\u30fc\u30111\uff44\u30de\u30a4\u30c7\u30a490\u679a<\/option><option value=\"\u3010\u30af\u30fc\u30d1\u30fc\u30111\uff44\u30de\u30a4\u30c7\u30a4\u30c8\u30fc\u30ea\u30c3\u30af\uff08\u4e71\u8996\u7528\uff0930\u679a\">\u3010\u30af\u30fc\u30d1\u30fc\u30111\uff44\u30de\u30a4\u30c7\u30a4\u30c8\u30fc\u30ea\u30c3\u30af\uff08\u4e71\u8996\u7528\uff0930\u679a<\/option><option value=\"\u3010\u30af\u30fc\u30d1\u30fc\u30111\uff44\u30de\u30a4\u30c7\u30a4\u30c8\u30fc\u30ea\u30c3\u30af\uff08\u4e71\u8996\u7528\uff0990\u679a\">\u3010\u30af\u30fc\u30d1\u30fc\u30111\uff44\u30de\u30a4\u30c7\u30a4\u30c8\u30fc\u30ea\u30c3\u30af\uff08\u4e71\u8996\u7528\uff0990\u679a<\/option><option value=\"\u3010\u30af\u30fc\u30d1\u30fc\u30111\uff44WetLoc\u30af\u30e9\u30ea\u30c6\u30a330\u679a\">\u3010\u30af\u30fc\u30d1\u30fc\u30111\uff44WetLoc\u30af\u30e9\u30ea\u30c6\u30a330\u679a<\/option><option value=\"\u3010\u30af\u30fc\u30d1\u30fc\u30111\uff44WetLoc\u30af\u30e9\u30ea\u30c6\u30a390\u679a\">\u3010\u30af\u30fc\u30d1\u30fc\u30111\uff44WetLoc\u30af\u30e9\u30ea\u30c6\u30a390\u679a<\/option><option value=\"\u3010\u30b8\u30e7\u30f3\u30bd\u30f3\u30a8\u30f3\u30c9\u30b8\u30e7\u30f3\u30bd\u30f3\u30111\uff44\u30aa\u30a2\u30b7\u30b930\u679a\">\u3010\u30b8\u30e7\u30f3\u30bd\u30f3\u30a8\u30f3\u30c9\u30b8\u30e7\u30f3\u30bd\u30f3\u30111\uff44\u30aa\u30a2\u30b7\u30b930\u679a<\/option><option value=\"\u3010\u30b8\u30e7\u30f3\u30bd\u30f3\u30a8\u30f3\u30c9\u30b8\u30e7\u30f3\u30bd\u30f3\u30111\uff44\u30aa\u30a2\u30b7\u30b990\u679a\">\u3010\u30b8\u30e7\u30f3\u30bd\u30f3\u30a8\u30f3\u30c9\u30b8\u30e7\u30f3\u30bd\u30f3\u30111\uff44\u30aa\u30a2\u30b7\u30b990\u679a<\/option><option value=\"\u3010\u30b8\u30e7\u30f3\u30bd\u30f3\u30a8\u30f3\u30c9\u30b8\u30e7\u30f3\u30bd\u30f3\u30111\uff44\u30aa\u30a2\u30b7\u30b9\u4e71\u8996\">\u3010\u30b8\u30e7\u30f3\u30bd\u30f3\u30a8\u30f3\u30c9\u30b8\u30e7\u30f3\u30bd\u30f3\u30111\uff44\u30aa\u30a2\u30b7\u30b9\u4e71\u8996<\/option><\/select><\/span>\n\t<\/p>\n\t<p><label>\u3072\u3060\u308a\uff0f\u3054\u5e0c\u671b\u306e\u7bb1\u6570*(\u5fc5\u9808\uff09<\/label><br \/>\n<span class=\"wpcf7-form-control-wrap\" data-name=\"lens-left-count\"><select class=\"wpcf7-form-control wpcf7-select wpcf7-validates-as-required\" aria-required=\"true\" aria-invalid=\"false\" name=\"lens-left-count\"><option value=\"\">&#8212;\u4ee5\u4e0b\u304b\u3089\u9078\u629e\u3057\u3066\u304f\u3060\u3055\u3044&#8212;<\/option><option value=\"0\u7bb1\">0\u7bb1<\/option><option value=\"1\u7bb1\">1\u7bb1<\/option><option value=\"2\u7bb1\">2\u7bb1<\/option><option value=\"3\u7bb1\">3\u7bb1<\/option><option value=\"4\u7bb1\">4\u7bb1<\/option><\/select><\/span>\n\t<\/p>\n\t<p><label>\u5099\u8003\u6b04<br \/>\n<span class=\"wpcf7-form-control-wrap\" data-name=\"message\"><textarea cols=\"40\" rows=\"10\" maxlength=\"2000\" class=\"wpcf7-form-control wpcf7-textarea\" aria-invalid=\"false\" placeholder=\"\u4ed8\u8a18\u4e8b\u9805\" name=\"message\"><\/textarea><\/span><br \/>\n<\/label>\n\t<\/p>\n\t<p><input class=\"wpcf7-form-control wpcf7-submit has-spinner\" type=\"submit\" value=\"\u9001\u4fe1\" \/>\n\t<\/p>\n<\/div><div class=\"wpcf7-response-output\" aria-hidden=\"true\"><\/div>\n<\/form>\n<\/div>\n\n\n\n\n<p><\/p>\n","protected":false},"excerpt":{"rendered":"","protected":false},"author":1,"featured_media":0,"parent":0,"menu_order":0,"comment_status":"closed","ping_status":"closed","template":"","meta":{"footnotes":""},"class_list":["post-4406","page","type-page","status-publish","hentry"],"_links":{"self":[{"href":"https:\/\/www.hara-ec.com\/index.php?rest_route=\/wp\/v2\/pages\/4406","targetHints":{"allow":["GET"]}}],"collection":[{"href":"https:\/\/www.hara-ec.com\/index.php?rest_route=\/wp\/v2\/pages"}],"about":[{"href":"https:\/\/www.hara-ec.com\/index.php?rest_route=\/wp\/v2\/types\/page"}],"author":[{"embeddable":true,"href":"https:\/\/www.hara-ec.com\/index.php?rest_route=\/wp\/v2\/users\/1"}],"replies":[{"embeddable":true,"href":"https:\/\/www.hara-ec.com\/index.php?rest_route=%2Fwp%2Fv2%2Fcomments&post=4406"}],"version-history":[{"count":3,"href":"https:\/\/www.hara-ec.com\/index.php?rest_route=\/wp\/v2\/pages\/4406\/revisions"}],"predecessor-version":[{"id":4520,"href":"https:\/\/www.hara-ec.com\/index.php?rest_route=\/wp\/v2\/pages\/4406\/revisions\/4520"}],"wp:attachment":[{"href":"https:\/\/www.hara-ec.com\/index.php?rest_route=%2Fwp%2Fv2%2Fmedia&parent=4406"}],"curies":[{"name":"wp","href":"https:\/\/api.w.org\/{rel}","templated":true}]}}